{"id":1383,"date":"2024-10-23T17:47:30","date_gmt":"2024-10-23T17:47:30","guid":{"rendered":"https:\/\/dubbcn.org\/?page_id=1383"},"modified":"2024-10-23T17:47:31","modified_gmt":"2024-10-23T17:47:31","slug":"reglamento-electoral-del-sindicato-artistico-de-doblatge-unida-de-barcelona","status":"publish","type":"page","link":"https:\/\/dubbcn.org\/es\/reglamento-electoral-del-sindicato-artistico-de-doblatge-unida-de-barcelona\/","title":{"rendered":"Reglamento Electoral del Sindicato Art\u00edstico de Doblatge Unida de Barcelona"},"content":{"rendered":"\n<p class=\"has-text-align-justify\">El procedimiento electoral para la elecci\u00f3n de la Junta Directiva de DUB se regir\u00e1 por las siguientes reglas:<\/p>\n\n\n\n<p><strong>1. CONVOCATORIA DE ELECCIONES<\/strong><\/p>\n\n\n\n<p class=\"has-text-align-justify\"><strong>1.1.<\/strong> La Junta Directiva convocar\u00e1 la Asamblea General Extraordinaria mediante un documento que ha de contener como m\u00ednimo el orden del d\u00eda, el lugar, la fecha y la hora en la que se llevar\u00e1 a cabo la votaci\u00f3n y los cargos de junta directiva a cubrir.<\/p>\n\n\n\n<p class=\"has-text-align-justify\"><strong>1.2.<\/strong> La convocatoria se enviar\u00e1 de manera individualizada a los socios\/as a trav\u00e9s de los medios y canales de comunicaci\u00f3n de la entidad.<\/p>\n\n\n\n<p class=\"has-text-align-justify\"><strong>1.3.<\/strong> El d\u00eda de la convocatoria, se actualizar\u00e1 por parte de la Secretar\u00eda General de DUB la lista de los socios\/as con derecho a voto, que son aquellas personas que, en la fecha de la convocatoria, est\u00e1n al corriente del pago de sus cuotas.<\/p>\n\n\n\n<p><strong>2. LA COMISI\u00d3N ELECTORAL<\/strong><\/p>\n\n\n\n<p class=\"has-text-align-justify\"><strong>2.1.<\/strong> Para las elecciones de la Junta Directiva de DUB, la Asamblea General elegir\u00e1 una comisi\u00f3n electoral formada por tres (3) personas que ostentar\u00e1n las funciones que corresponden a presidencia, secretaria y vocal\u00eda de la misma.<\/p>\n\n\n\n<p class=\"has-text-align-justify\"><strong>2.2.<\/strong> La comisi\u00f3n electoral ser\u00e1 responsable de todo aquello relativo a las cuestiones t\u00e9cnicas y de funcionamiento de la organizaci\u00f3n en la Asamblea General convocada al efecto. En cualquier caso, no obstante, la Junta Directiva es la \u00faltima responsable de la organizaci\u00f3n.<\/p>\n\n\n\n<p class=\"has-text-align-justify\"><strong>2.3.<\/strong> Las funciones m\u00ednimas de la comisi\u00f3n electoral ser\u00e1n:<br \/>a) Velar por el cumplimiento de este reglamento, as\u00ed como tambi\u00e9n por la normativa de aplicaci\u00f3n durante todo el procedimiento electoral y, en su defecto, por lo que se determine en los estatutos de la entidad, as\u00ed como tambi\u00e9n por el buen desarrollo de la Asamblea General.<br \/>b) Comprobar, certificar y validar el censo electoral actualizado.<br \/>c) Planificar y ejecutar las medidas log\u00edsticas necesarias para la celebraci\u00f3n de la Asamblea General.<br \/>d) Interpretar y adaptar, cuando sea necesario, cualquier falta o vac\u00edo existente en la regulaci\u00f3n de aplicaci\u00f3n hasta la toma de posesi\u00f3n de la nueva Junta Directiva nombrada, as\u00ed como todo aquello concerniente al funcionamiento de la votaci\u00f3n.<br \/>e) Efectuar un dictamen razonado para solucionar cualquier conflicto electoral.<br \/>f) Realizar el escrutinio.<br \/>g) Redactar el acta conforme se acredita el resultado de las votaciones de elecci\u00f3n de la Junta Directiva y dar a conocer el resultado de las votaciones.<br \/>h) Proclamar la Junta Directiva.<br \/>La comisi\u00f3n electoral contar\u00e1 con el apoyo necesario de la Junta Directiva para el correcto desarrollo de sus funciones. La Secretar\u00eda General les har\u00e1 llegar, especialmente, el censo actualizado de la asociaci\u00f3n.<\/p>\n\n\n\n<p class=\"has-text-align-justify\"><strong>2.4.<\/strong> Podr\u00e1n presentarse como miembros de la comisi\u00f3n electoral, los socios\/as de DUB. La comisi\u00f3n electoral deber\u00e1 estar formada, como m\u00ednimo, por un presidente, un secretario y un vocal. Una vez se disponga de los tres socios\/as voluntarios a ocupar tales cargos, se decidir\u00e1 entre ellos\/as qui\u00e9n asume cada cargo espec\u00edfico en la mesa electoral.<\/p>\n\n\n\n<p><strong>3. PRESENTACI\u00d3N DE CANDIDATURAS<\/strong><\/p>\n\n\n\n<p><strong>3.1.<\/strong> Para presentar una candidatura, es necesario cumplir los siguientes requisitos:<\/p>\n\n\n\n<p>GENERALES:<br \/>a) Ser socio\/a de DUB<br \/>b) Estar al corriente de pago de las cuotas como socio\/a<br \/>c) Acreditar un m\u00ednimo de cinco (5) a\u00f1os consecutivos en la profesi\u00f3n<\/p>\n\n\n\n<p class=\"has-text-align-justify\">ESPEC\u00cdFICOS\/CONCRETOS:<br \/>a) Respecto a los cargos de Presidencia y de Secretar\u00eda General, el socio\/a que se presente deber\u00e1 llevar un m\u00ednimo de tres (3) a\u00f1os como socio\/a de DUB con permanencia continuada (sin bajas del sindicato).<br \/>b) En lo que concierne al resto de Secretar\u00edas, excepto vocal\u00edas, ser\u00e1 obligatorio acreditar llevar un m\u00ednimo de un (1) a\u00f1o como socio de DUB con permanencia continuada.<br \/>c) Para el cargo de vocal ser\u00e1n de aplicaci\u00f3n los requisitos generales que preceden a los espec\u00edficos.<\/p>\n\n\n\n<p class=\"has-text-align-justify\"><strong>3.2.<\/strong> Las candidaturas han de ser completas y en ellas debe indicarse los cargos a los cuales opta cada uno de los candidatos\/as. El sistema de votaci\u00f3n es el de listas cerradas y nadie puede ser propuesto en m\u00e1s de una candidatura.<\/p>\n\n\n\n<p class=\"has-text-align-justify\"><strong>3.3.<\/strong> Fecha de presentaci\u00f3n de candidaturas: Las candidaturas se enviar\u00e1n al correo electr\u00f3nico de DUB: hola@dubbcn.org durante el mes anterior a la fecha de las elecciones, contando siempre que se requiere de un m\u00ednimo de diez (10) d\u00edas y un m\u00e1ximo de treinta (30) d\u00edas entre el fin de presentaci\u00f3n de candidaturas y la fecha de las elecciones. Una vez finalice el plazo de presentaci\u00f3n de las candidaturas, las mismas se enviar\u00e1n por correo electr\u00f3nico a los socios\/as de DUB.<\/p>\n\n\n\n<p class=\"has-text-align-justify\"><strong>3.4.<\/strong> Informaci\u00f3n que debe constar en la candidatura: La lista cerrada de candidatos (nombre + DNI + cargo al que se presentan) y un programa electoral.<\/p>\n\n\n\n<p class=\"has-text-align-justify\"><strong>3.5.<\/strong> N\u00famero de candidatos: El m\u00ednimo estipulado en los estatutos de la organizaci\u00f3n (siete personas), que posteriormente ostentaran los cargos de:<\/p>\n\n\n\n<p>&#8211; Presidencia<br \/>&#8211; Secretar\u00eda general<br \/>&#8211; Secretar\u00eda de econom\u00eda y finanzas<br \/>&#8211; Secretar\u00eda de acci\u00f3n sindical<br \/>&#8211; Secretar\u00eda de formaci\u00f3n<br \/>&#8211; Secretar\u00eda de directores y ajustadores &#8211; Secretar\u00eda de doblaje en catal\u00e1n<\/p>\n\n\n\n\n\n\n\n<p><strong>4. APROBACI\u00d3N DE LAS CANDIDATURAS<\/strong><\/p>\n\n\n\n<p class=\"has-text-align-justify\"><strong>4.1.<\/strong> La comisi\u00f3n electoral ha de verificar que las candidaturas se presenten dentro del plazo establecido y que sus miembros cumplan los requisitos para ser candidatos.<\/p>\n\n\n\n<p class=\"has-text-align-justify\"><strong>4.2.<\/strong> Dentro de los cinco d\u00edas siguientes a la finalizaci\u00f3n del plazo de presentaci\u00f3n de candidaturas, la Junta Directiva, a propuesta de la comisi\u00f3n electoral, aprobar\u00e1 las candidaturas que re\u00fanan los requisitos del proceso electoral, y las har\u00e1 p\u00fablicas a trav\u00e9s de los medios de comunicaci\u00f3n de la entidad y denegar\u00e1 la validez a aquellas que no cumplan los criterios establecidos en el proceso electoral.<\/p>\n\n\n\n<p><strong>5. LAS CANDIDATURAS<\/strong><\/p>\n\n\n\n<p class=\"has-text-align-justify\"><strong>5.1.<\/strong> Las candidaturas que se presenten formalmente tendr\u00e1n derecho a comunicar el referido programa de trabajo a los asociados\/as antes de las elecciones, a trav\u00e9s de los medios de comunicaci\u00f3n de la Asociaci\u00f3n y tal y como se determina en el presente reglamento.<\/p>\n\n\n\n<p class=\"has-text-align-justify\"><strong>5.2.<\/strong> La comisi\u00f3n electoral, a propuesta de los candidatos, facilitar\u00e1 a los socios\/as los programas y otras comunicaciones, siempre que sean razonables seg\u00fan criterio de la comisi\u00f3n electoral, a trav\u00e9s de los medios de comunicaci\u00f3n de la asociaci\u00f3n y tal y como se determina en el presente reglamento.<\/p>\n\n\n\n<p><strong>6. JORNADA ELECTORAL Y VOTACI\u00d3N<\/strong><\/p>\n\n\n\n<p class=\"has-text-align-justify\"><strong>6.1.<\/strong> La jornada electoral tendr\u00e1 lugar de forma presencial en la sede de DUB a trav\u00e9s de voto presencial en urna. Se acuerda que el horario previsto ser\u00e1 de 14 h a 20 h. No ser\u00e1 v\u00e1lido, en este caso, ni el voto por correo ni el voto delegado.<\/p>\n\n\n\n<p class=\"has-text-align-justify\"><strong>6.2.<\/strong> La votaci\u00f3n tendr\u00e1 lugar el d\u00eda de la Asamblea General, que se desarrollar\u00e1 de conformidad con el reglamento de la Asamblea General.<\/p>\n\n\n\n<p class=\"has-text-align-justify\"><strong>6.3.<\/strong> La Asamblea vota a favor de los candidatos\/as a miembros de la Junta Directiva en listas cerradas.<\/p>\n\n\n\n<p class=\"has-text-align-justify\"><strong>6.4.<\/strong> Las votaciones son secretas, mediante papeletas editadas por la asociaci\u00f3n, donde consten los nombres y apellidos de los miembros de las diferentes candidaturas y papeletas con los nombres y apellidos de los candidatos en blanco. Las votaciones son a puerta cerrada y no se pueden interrumpir una vez iniciadas.<\/p>\n\n\n\n<p><strong>6.5.<\/strong> La candidatura ganadora ser\u00e1 la que obtenga la mayor\u00eda simple de votos a favor.<\/p>\n\n\n\n<p><strong>7. ESCRUTINIO<\/strong><\/p>\n\n\n\n<p class=\"has-text-align-justify\"><strong>7.1.<\/strong> El escrutinio y el recuento de votos son p\u00fablicos y se efect\u00faan bajo la presidencia de la comisi\u00f3n electoral. <\/p>\n\n\n\n<p class=\"has-text-align-justify\"><strong>7.2.<\/strong> Son nulas las papeletas que contengan expresiones ajenas al contenido estricto de la votaci\u00f3n o que imposibiliten la perfecta identificaci\u00f3n de la voluntad del elector\/a.<\/p>\n\n\n\n<p class=\"has-text-align-justify\"><strong>7.3.<\/strong> Cada candidatura puede nombrar a una persona interventora, que en el momento del escrutinio la represente en la mesa electoral. Esta persona ha de ser socia de la entidad, con derecho a voto, y no puede ser candidata.<\/p>\n\n\n\n<p><strong>8. LA PROCLAMACI\u00d3N DE LA CANDIDATURA<\/strong><\/p>\n\n\n\n<p class=\"has-text-align-justify\"><strong>8.1.<\/strong> Finalizado el escrutinio, se extender\u00e1 el acta correspondiente, firmada por las personas que conforman la comisi\u00f3n electoral y por los interventores\/as, en su caso.<\/p>\n\n\n\n<p class=\"has-text-align-justify\"><strong>8.2.<\/strong> La presidencia de la comisi\u00f3n electoral har\u00e1 p\u00fablico el resultado y proclamar\u00e1 la candidatura que ha obtenido m\u00e1s votos; dando por constituida la Junta Directiva.<\/p>\n","protected":false},"excerpt":{"rendered":"El procedimiento electoral para la elecci\u00f3n de la Junta Directiva de DUB se regir\u00e1 por las siguientes reglas: 1. CONVOCATORIA DE ELECCIONES 1.1. La Junta Directiva convocar\u00e1 la Asamblea General Extraordinaria mediante un documento que ha de contener como m\u00ednimo el orden del d\u00eda, el lugar, la fecha y la hora en la que se[&#8230;]","protected":false},"author":2,"featured_media":0,"parent":0,"menu_order":0,"comment_status":"closed","ping_status":"closed","template":"","meta":{"om_disable_all_campaigns":false,"_mi_skip_tracking":false,"_monsterinsights_sitenote_active":false,"_monsterinsights_sitenote_note":"","_monsterinsights_sitenote_category":0,"_uf_show_specific_survey":0,"_uf_disable_surveys":false,"footnotes":""},"aioseo_notices":[],"jetpack_sharing_enabled":true,"_links":{"self":[{"href":"https:\/\/dubbcn.org\/es\/wp-json\/wp\/v2\/pages\/1383"}],"collection":[{"href":"https:\/\/dubbcn.org\/es\/wp-json\/wp\/v2\/pages"}],"about":[{"href":"https:\/\/dubbcn.org\/es\/wp-json\/wp\/v2\/types\/page"}],"author":[{"embeddable":true,"href":"https:\/\/dubbcn.org\/es\/wp-json\/wp\/v2\/users\/2"}],"replies":[{"embeddable":true,"href":"https:\/\/dubbcn.org\/es\/wp-json\/wp\/v2\/comments?post=1383"}],"version-history":[{"count":2,"href":"https:\/\/dubbcn.org\/es\/wp-json\/wp\/v2\/pages\/1383\/revisions"}],"predecessor-version":[{"id":1385,"href":"https:\/\/dubbcn.org\/es\/wp-json\/wp\/v2\/pages\/1383\/revisions\/1385"}],"wp:attachment":[{"href":"https:\/\/dubbcn.org\/es\/wp-json\/wp\/v2\/media?parent=1383"}],"curies":[{"name":"wp","href":"https:\/\/api.w.org\/{rel}","templated":true}]}}