{"id":236,"date":"2020-04-05T23:39:50","date_gmt":"2020-04-05T23:39:50","guid":{"rendered":"https:\/\/dubbcn.org\/?page_id=236"},"modified":"2020-04-05T23:39:50","modified_gmt":"2020-04-05T23:39:50","slug":"236-2","status":"publish","type":"page","link":"https:\/\/dubbcn.org\/es\/","title":{"rendered":""},"content":{"rendered":"\n<h2 class=\"has-text-align-center wp-block-heading\">DUB.<\/h2>\n\n\n\n<h3 class=\"has-text-align-center wp-block-heading\">Doblatge Unida de Barcelona<\/h3>\n\n\n\n<div style=\"height:30px\" aria-hidden=\"true\" class=\"wp-block-spacer\"><\/div>\n\n\n\n<p><strong>DUB<\/strong>&nbsp;es una asociaci\u00f3n profesional de doblaje de Barcelona.<\/p>\n\n\n\n<p>Una asociaci\u00f3n, 3 objetivos:<\/p>\n\n\n\n<p><strong>Unir<\/strong>&nbsp;a los int\u00e9rpretes y profesionales del sector para defender y promover nuestros derechos e intereses profesionales, econ\u00f3micos, laborales, sociales y culturales, y velar por el prestigio, la calidad y la dignidad de nuestra profesi\u00f3n.<\/p>\n\n\n\n<p><strong>Informar y atender<\/strong>&nbsp;a los socios en relaci\u00f3n a su trabajo diario y en relaci\u00f3n a sus derechos y deberes y tambi\u00e9n informar de las singularidades de nuestro sector de cara a la sociedad y a los medios de comunicaci\u00f3n.<\/p>\n\n\n\n<p><strong>Compartir<\/strong>&nbsp;ideas y proyectos para avanzar colectivamente en nuestro marco profesional.<\/p>\n","protected":false},"excerpt":{"rendered":"DUB. Doblatge Unida de Barcelona DUB&nbsp;es una asociaci\u00f3n profesional de doblaje de Barcelona. Una asociaci\u00f3n, 3 objetivos: Unir&nbsp;a los int\u00e9rpretes y profesionales del sector para defender y promover nuestros derechos e intereses profesionales, econ\u00f3micos, laborales, sociales y culturales, y velar por el prestigio, la calidad y la dignidad de nuestra profesi\u00f3n. Informar y atender&nbsp;a los[&#8230;]","protected":false},"author":2,"featured_media":0,"parent":0,"menu_order":0,"comment_status":"closed","ping_status":"closed","template":"","meta":{"om_disable_all_campaigns":false,"_mi_skip_tracking":false,"_monsterinsights_sitenote_active":false,"_monsterinsights_sitenote_note":"","_monsterinsights_sitenote_category":0,"_uf_show_specific_survey":0,"_uf_disable_surveys":false,"footnotes":""},"aioseo_notices":[],"jetpack_sharing_enabled":true,"_links":{"self":[{"href":"https:\/\/dubbcn.org\/es\/wp-json\/wp\/v2\/pages\/236"}],"collection":[{"href":"https:\/\/dubbcn.org\/es\/wp-json\/wp\/v2\/pages"}],"about":[{"href":"https:\/\/dubbcn.org\/es\/wp-json\/wp\/v2\/types\/page"}],"author":[{"embeddable":true,"href":"https:\/\/dubbcn.org\/es\/wp-json\/wp\/v2\/users\/2"}],"replies":[{"embeddable":true,"href":"https:\/\/dubbcn.org\/es\/wp-json\/wp\/v2\/comments?post=236"}],"version-history":[{"count":1,"href":"https:\/\/dubbcn.org\/es\/wp-json\/wp\/v2\/pages\/236\/revisions"}],"predecessor-version":[{"id":237,"href":"https:\/\/dubbcn.org\/es\/wp-json\/wp\/v2\/pages\/236\/revisions\/237"}],"wp:attachment":[{"href":"https:\/\/dubbcn.org\/es\/wp-json\/wp\/v2\/media?parent=236"}],"curies":[{"name":"wp","href":"https:\/\/api.w.org\/{rel}","templated":true}]}}