{"id":243,"date":"2020-04-05T23:46:35","date_gmt":"2020-04-05T23:46:35","guid":{"rendered":"https:\/\/dubbcn.org\/?page_id=243"},"modified":"2020-04-05T23:46:35","modified_gmt":"2020-04-05T23:46:35","slug":"preguntas-frecuentes","status":"publish","type":"page","link":"https:\/\/dubbcn.org\/es\/preguntas-frecuentes\/","title":{"rendered":"Preguntas frecuentes"},"content":{"rendered":"\n<p>En esta secci\u00f3n encontrar\u00e1s algunas preguntas y respuestas frecuentes.<\/p>\n\n\n\n<h2 class=\"wp-block-heading\">Qu\u00e8 he de fer per associar-me a DUB?<\/h2>\n\n\n\n<p>El primer pas \u00e9s&nbsp;<a href=\"https:\/\/dubbcn.org\/alta\">omplir aquest formulari<\/a>. Ens posarem en contacte amb tu per correu electr\u00f2nic per acabar de formalitzar l\u2019alta.<\/p>\n\n\n\n<h2 class=\"wp-block-heading\">De quines mesures disposem per pal\u00b7liar els efectes de Covid-19?<\/h2>\n\n\n\n<p><a href=\"https:\/\/dubbcn.org\/2020\/03\/19\/mesures-economiques-davant-el-covid-19\/\">En aquest enlla\u00e7<\/a>&nbsp;trobar\u00e0s un article detallat amb les mesures de qu\u00e8 disposem actualment com a artistes.<\/p>\n\n\n\n<h2 class=\"wp-block-heading\">Quin \u00e9s el procediment per a demanar la prestaci\u00f3 per desocupaci\u00f3?<\/h2>\n\n\n\n<p><a href=\"https:\/\/dubbcn.org\/2020\/03\/23\/procediment-detallat-per-a-la-sol%C2%B7licitud-de-latur\/\">En aquest enlla\u00e7<\/a>&nbsp;trobar\u00e0s un article detallat amb el procediment per a demanar la prestaci\u00f3 per desocupaci\u00f3.<\/p>\n","protected":false},"excerpt":{"rendered":"En esta secci\u00f3n encontrar\u00e1s algunas preguntas y respuestas frecuentes. Qu\u00e8 he de fer per associar-me a DUB? El primer pas \u00e9s&nbsp;omplir aquest formulari. Ens posarem en contacte amb tu per correu electr\u00f2nic per acabar de formalitzar l\u2019alta. De quines mesures disposem per pal\u00b7liar els efectes de Covid-19? En aquest enlla\u00e7&nbsp;trobar\u00e0s un article detallat amb les[&#8230;]","protected":false},"author":2,"featured_media":0,"parent":0,"menu_order":0,"comment_status":"closed","ping_status":"closed","template":"","meta":{"om_disable_all_campaigns":false,"_mi_skip_tracking":false,"_monsterinsights_sitenote_active":false,"_monsterinsights_sitenote_note":"","_monsterinsights_sitenote_category":0,"_uf_show_specific_survey":0,"_uf_disable_surveys":false,"footnotes":""},"aioseo_notices":[],"jetpack_sharing_enabled":true,"_links":{"self":[{"href":"https:\/\/dubbcn.org\/es\/wp-json\/wp\/v2\/pages\/243"}],"collection":[{"href":"https:\/\/dubbcn.org\/es\/wp-json\/wp\/v2\/pages"}],"about":[{"href":"https:\/\/dubbcn.org\/es\/wp-json\/wp\/v2\/types\/page"}],"author":[{"embeddable":true,"href":"https:\/\/dubbcn.org\/es\/wp-json\/wp\/v2\/users\/2"}],"replies":[{"embeddable":true,"href":"https:\/\/dubbcn.org\/es\/wp-json\/wp\/v2\/comments?post=243"}],"version-history":[{"count":1,"href":"https:\/\/dubbcn.org\/es\/wp-json\/wp\/v2\/pages\/243\/revisions"}],"predecessor-version":[{"id":244,"href":"https:\/\/dubbcn.org\/es\/wp-json\/wp\/v2\/pages\/243\/revisions\/244"}],"wp:attachment":[{"href":"https:\/\/dubbcn.org\/es\/wp-json\/wp\/v2\/media?parent=243"}],"curies":[{"name":"wp","href":"https:\/\/api.w.org\/{rel}","templated":true}]}}