{"id":269,"date":"2020-04-06T09:57:42","date_gmt":"2020-04-06T09:57:42","guid":{"rendered":"https:\/\/dubbcn.org\/?page_id=269"},"modified":"2020-04-06T09:57:42","modified_gmt":"2020-04-06T09:57:42","slug":"aviso-legal-y-politica-de-privacidad-aviso-legal","status":"publish","type":"page","link":"https:\/\/dubbcn.org\/es\/aviso-legal-y-politica-de-privacidad-aviso-legal\/","title":{"rendered":"AVISO LEGAL Y POL\u00cdTICA DE PRIVACIDAD AVISO LEGAL"},"content":{"rendered":"<h2 id=\"avslegalipolticadeprivacitat\">AVISO LEGAL Y POL\u00cdTICA DE PRIVACIDAD<\/h2>\n<h3 id=\"avslegal\">AVISO LEGAL<\/h3>\n<h3 id=\"objecte\">OBJETO:<\/h3>\n<p>La presente p\u00e1gina Web ha sido dise\u00f1ada para dar a conocer los servicios ofertados por DUB, C\/ \u00c1laba 61, 3o, 08005 Barcelona, Espa\u00f1a; as\u00ed como para la recepci\u00f3n de posibles clientes, contactos comerciales y demandas de empleo.<\/p>\n<h3 id=\"propietatintellectualiindustrial\">PROPIEDAD INTELECTUAL E INDUSTRIAL:<\/h3>\n<p>Los derechos de propiedad intelectual de la p\u00e1gina dubbcn.org, su c\u00f3digo fuente, dise\u00f1o, estructuras de navegaci\u00f3n y los distintos elementos en ella contenidos son titularidad de DUB, a quien corresponde el ejercicio exclusivo de los derechos de explotaci\u00f3n de los mismos en cualquier forma y, en especial, los derechos de reproducci\u00f3n, distribuci\u00f3n, comunicaci\u00f3n p\u00fablica y transformaci\u00f3n, de acuerdo con la legislaci\u00f3n espa\u00f1ola y de la uni\u00f3n europea aplicable.<\/p>\n<p>El portal de DUB, las p\u00e1ginas que comprende y la informaci\u00f3n o elementos contenidos en las mismas, incluyen textos, documentos, fotograf\u00edas, dibujos, representaciones gr\u00e1ficas, programas inform\u00e1ticos, as\u00ed como logotipos, marcas, nombres comerciales, u otros signos distintivos, protegidos por derechos de propiedad intelectual o industrial, de los que DUB son titulares o leg\u00edtimas licenciatarias.<\/p>\n<h3 id=\"continguts\">CONTENIDOS:<\/h3>\n<p>Se facilita a trav\u00e9s de esta Web informaci\u00f3n acerca de servicios destinados a conocimiento p\u00fablico que en todo caso se sujetar\u00e1n a los t\u00e9rminos y condiciones expresamente detallados en cada momento y que son accesibles desde esta p\u00e1gina Web, los cuales se sujetar\u00e1n a las distintas disposiciones legales de aplicaci\u00f3n.<\/p>\n<h3 id=\"accsius\">ACCESO Y USO:<\/h3>\n<p>Tanto el acceso a esta p\u00e1gina Web, como el uso que pueda hacerse de la informaci\u00f3n y contenidos incluidos en la misma, ser\u00e1 de la exclusiva responsabilidad de quien lo realice.<\/p>\n<p>Las condiciones de acceso a esta Web estar\u00e1n supeditadas a la legalidad vigente y los principios de la buena fe y uso l\u00edcito por parte del usuario de la misma, quedando prohibido con car\u00e1cter general cualquier tipo de actuaci\u00f3n en perjuicio de DUB.<\/p>\n<p>Se considerar\u00e1 terminantemente prohibido el uso de la presente p\u00e1gina Web con fines ilegales o no autorizados.<\/p>\n<p>Queda prohibida cualquier modalidad de explotaci\u00f3n, incluyendo todo tipo de reproducci\u00f3n, distribuci\u00f3n, cesi\u00f3n a terceros, comunicaci\u00f3n p\u00fablica y transformaci\u00f3n, mediante cualquier tipo de soporte y medio, de las obras antes referidas, creaciones y signos distintivos sin autorizaci\u00f3n previa y expresa de sus respectivos titulares. El incumplimiento de esta prohibici\u00f3n podr\u00e1 constituir infracci\u00f3n sancionable por la legislaci\u00f3n vigente.<\/p>\n<p>No obstante, por su cuenta y riesgo, el usuario podr\u00e1 descargar o realizar copia de tales elementos exclusivamente para su uso personal, siempre que no infrinja ninguno de los derechos de propiedad intelectual o industrial de DUB, ni los altere total o parcialmente. En ning\u00fan caso, ello significar\u00e1 una autorizaci\u00f3n o licencia sobre los derechos de propiedad de DUB.<\/p>\n<p>Queda prohibido, salvo en los casos que expresamente lo autorice DUB, presentar las p\u00e1ginas de DUB, o la informaci\u00f3n contenida en ellas bajo frames o marcos, signos distintivos, marcas o denominaciones sociales o comerciales de otra persona, empresa o entidad.<\/p>\n<h3 id=\"responsabilitad\">RESPONSABILIDAD:<\/h3>\n<p>DUB no se hace responsable bajo ning\u00fan concepto por ning\u00fan tipo de da\u00f1o que pudiesen ocasionar los Usuarios a la presente p\u00e1gina Web, o a cualquier otra, por el uso ilegal o indebido de la misma, o de los contenidos e informaciones accesibles o facilitadas a trav\u00e9s de ella.<\/p>\n<h3 id=\"servei\">SERVICIO:<\/h3>\n<p>DUB se reserva el derecho de suspender el acceso a su p\u00e1gina Web, sin previo aviso, de forma discrecional y temporal, por razones t\u00e9cnicas o de cualquier otra \u00edndole, pudiendo asimismo modificar unilateralmente tanto las condiciones de acceso, como la totalidad o parte de los contenidos en ella incluidos.<\/p>\n<h3 id=\"generals\">GENERALES:<\/h3>\n<p>Para toda cuesti\u00f3n litigiosa o que incumba a la P\u00e1gina Web de DUB ser\u00e1 de aplicaci\u00f3n la legislaci\u00f3n espa\u00f1ola, siendo competentes para la resoluci\u00f3n de todos los conflictos derivados o relacionados con el uso de esta p\u00e1gina Web, los Juzgados y Tribunales del domicilio del usuario. El acceso a la p\u00e1gina Web de DUB implica la aceptaci\u00f3n de todas las condiciones anteriormente expresadas.<\/p>\n<h3 id=\"hiperenllaos\">HIPERENLACES:<\/h3>\n<p>Los hiperenlaces contenidos en el sitio Web de DUB pueden dirigir a p\u00e1ginas Web de terceros. DUB no asume ninguna responsabilidad por el contenido, informaciones o servicios que pudieran aparecer en dichos sitios, que tendr\u00e1n exclusivamente car\u00e1cter informativo y que en ning\u00fan caso implican relaci\u00f3n alguna entre DUB y las personas o entidades titulares de tales contenidos o titulares de los sitios donde se encuentren.<\/p>\n<h2 id=\"polticadeprivacitatiproteccidedades\">POL\u00cdTICA DE PRIVACIDAD Y PROTECCI\u00d3N DE DATOS.<\/h2>\n<h3 id=\"general\">GENERAL:<\/h3>\n<p>A los efectos de lo previsto en la Ley Org\u00e1nica 15\/1999, de 13 de Diciembre, de Protecci\u00f3n de Datos de Car\u00e1cter Personal, DUB, le informa que cumple \u00edntegramente con la legislaci\u00f3n vigente en materia de protecci\u00f3n de datos de car\u00e1cter personal, y con los compromisos de confidencialidad propios de su actividad.<\/p>\n<p>DUB pone en su conocimiento la existencia de unos ficheros de datos de car\u00e1cter personal, titularidad de DUB, para las finalidades propias de gesti\u00f3n, comunicaci\u00f3n e informaci\u00f3n. Los citados ficheros se encuentran inscritos en el registro de actividades de tratamiento junto con la informaci\u00f3n se\u00f1alada en el art\u00edculo 30 del Reglamento General de Protecci\u00f3n de Datos.<\/p>\n<h3 id=\"mesuresinivellsdeseguretat\">MEDIDAS Y NIVELES DE SEGURIDAD:<\/h3>\n<p>DUB ha adoptado las medidas necesarias para mantener el nivel de seguridad requerido, seg\u00fan la naturaleza de los datos personales tratados y las circunstancias del tratamiento, con el objeto de evitar, en la medida de lo posible y siempre seg\u00fan el estado de la t\u00e9cnica, su alteraci\u00f3n, p\u00e9rdida, tratamiento o acceso no autorizado.<\/p>\n<h3 id=\"mbitdaplicaci\">\u00c1MBITO DE APLICACI\u00d3N:<\/h3>\n<p>La estructura de ficheros, equipos y sistemas de informaci\u00f3n con el objeto de dar cumplimiento a la legislaci\u00f3n vigente en materia de protecci\u00f3n de datos, se aplicar\u00e1n a todos los ficheros, temporales o permanentes, titularidad de DUB, que contengan datos de car\u00e1cter personal, as\u00ed como a cualquier equipo o sistema de informaci\u00f3n que los trate.<\/p>\n<p>Todo el personal contratado por DUB y sus Encargados de Tratamiento, est\u00e1n obligados al cumplimiento de la citada normativa, con especial atenci\u00f3n en lo relativo a sus funciones y obligaciones, que ser\u00e1n debidamente determinadas por DUB.<\/p>\n<h3 id=\"recollidadedades\">RECOGIDA DE DATOS:<\/h3>\n<p>La aceptaci\u00f3n de las presentes condiciones, precisa del usuario la recogida de unos datos imprescindibles para la prestaci\u00f3n de sus servicios, que le ser\u00e1n solicitados personalmente a trav\u00e9s de formularios o de la p\u00e1gina Web. En el momento de la recogida de los datos, el usuario ser\u00e1 debidamente informado de los derechos que le asisten.<\/p>\n<p>Para que la informaci\u00f3n que contienen nuestros ficheros est\u00e9 siempre actualizada y no contenga errores, pedimos a nuestros clientes y usuarios que nos comuniquen, a la mayor brevedad posible, las modificaciones y rectificaciones de sus datos de car\u00e1cter personal.<\/p>\n<h3 id=\"exercicidedrets\">EJERCICIO DE DERECHOS:<\/h3>\n<p>Los derechos de acceso, rectificaci\u00f3n, cancelaci\u00f3n y oposici\u00f3n, podr\u00e1n ser ejercitados por el usuario, o quien a este represente, mediante solicitud escrita y firmada, dirigida a DUB, C\/ \u00c1laba 61, 3o, 08005 Barcelona, Espa\u00f1a. No obstante podr\u00e1n utilizarse otros medios que permitan reconocer la identidad del cliente que ejercite cualquiera de los anteriores derechos.<\/p>\n<h3 id=\"consentimient\">CONSENTIMIENTO:<\/h3>\n<p>El usuario prestar\u00e1 su consentimiento para que DUB pueda hacer uso de sus datos personales a fin de prestar un correcto cumplimiento de los servicios contratados.<\/p>\n<p>La cumplimentaci\u00f3n del formulario incluido en el sitio o el env\u00edo de correos electr\u00f3nicos u otras comunicaciones a DUB, implica el consentimiento expreso del cliente a la inclusi\u00f3n de sus datos de car\u00e1cter personal en el referido fichero, titularidad de DUB.<\/p>\n<p>Al tiempo de la petici\u00f3n de esta informaci\u00f3n, se comunicar\u00e1 al cliente o usuario del destinatario de la informaci\u00f3n, de la finalidad para la cual se recogen los datos, de la identidad y direcci\u00f3n del responsable del fichero y de la facultad del usuario de ejercitar los derechos de acceso, rectificaci\u00f3n, cancelaci\u00f3n y oposici\u00f3n al tratamiento de sus datos.<\/p>\n<h3 id=\"cessiatercers\">CESI\u00d3N A TERCEROS:<\/h3>\n<p>DUB no cede datos de car\u00e1cter personal sin el consentimiento expreso de sus titulares, que deber\u00e1 ser concedido en cada ocasi\u00f3n, siendo s\u00f3lo cedidos con la finalidad expresada y siempre con el consentimiento del usuario o cliente.<\/p>\n<h3 id=\"confidencialitatisecretprofessional\">CONFIDENCIALIDAD Y SECRETO PROFESIONAL:<\/h3>\n<p>Los datos recogidos en todas las comunicaciones privadas entre DUB y los clientes o usuarios ser\u00e1n tratados con absoluta confidencialidad, comprometi\u00e9ndose DUB a la obligaci\u00f3n de secreto de los datos de car\u00e1cter personal, a su deber de guardarlos y adoptar todas las medidas necesarias que eviten su alteraci\u00f3n, p\u00e9rdida y tratamiento o acceso no autorizado, de acuerdo con lo establecido en el Reglamento de Medidas de Seguridad de los Ficheros que contengan datos de car\u00e1cter personal.<\/p>\n<p>Adem\u00e1s, tambi\u00e9n tendr\u00e1 la condici\u00f3n de confidencial la informaci\u00f3n de cualquier tipo que las partes intercambien entre s\u00ed, aquella que estas acuerden que tiene tal naturaleza, o la que simplemente verse sobre el contenido de dicha informaci\u00f3n. La visualizaci\u00f3n de datos a trav\u00e9s de Internet, no supondr\u00e1 el acceso directo a los mismos, salvo consentimiento expreso de su titular para cada ocasi\u00f3n.<\/p>\n<p>Recomendamos al cliente que no facilite a tercero alguno su identificaci\u00f3n, contrase\u00f1a o n\u00fameros de referencia que DUB pudiera proporcionarle. Asimismo, para garantizar que la protecci\u00f3n del secreto profesional entre DUB y el cliente se preserve en todas las comunicaciones, el cliente\/usuario no debe revelar la informaci\u00f3n confidencial a terceros.<\/p>\n<h3 id=\"canvisenlapolticadeseguretatiproteccidedades\">CAMBIOS EN LA POL\u00cdTICA DE SEGURIDAD Y PROTECCI\u00d3N DE DATOS:<\/h3>\n<p>DUB se reserva el derecho de modificar su pol\u00edtica de seguridad y protecci\u00f3n de datos con el objeto de adaptarlo a las novedades legislativas o jurisprudenciales, as\u00ed como las que pudieran derivarse de c\u00f3digos tipo existentes en la materia, o por decisiones corporativas estrat\u00e9gicas, con efectos de la fecha de publicaci\u00f3n de dicha modificaci\u00f3n en la p\u00e1gina Web de DUB.<\/p>\n<h3 id=\"adreadecontacte\">DIRECCI\u00d3N DE CONTACTO:<\/h3>\n<p>El sitio web dubbcn.org, es gestionado por DUB, inscrita en la \u00abDirecci\u00f3n general de Tributos Transmisiones Patrimoniales y Actos Jur\u00eddicos Documentados\u00bb.<\/p>\n<p>El fichero creado est\u00e1 ubicado en el domicilio social, el cual queda establecido a los efectos del presente Aviso Legal, en DUB, C\/ \u00c1laba 61, 3o, 08005 Barcelona, Espa\u00f1a; bajo la supervisi\u00f3n y control de DUB, quien asume la responsabilidad en la adopci\u00f3n de medidas de seguridad de \u00edndole t\u00e9cnica y organizativa para proteger la confidencialidad e integridad de la informaci\u00f3n, de acuerdo con lo establecido en la Ley Org\u00e1nica 15\/1999, de 13 de Diciembre, de Protecci\u00f3n de Datos de Car\u00e1cter Personal, y la RGPD.<\/p>\n<p>DUB, a tenor de la Ley 34\/2002, de Servicios de la Sociedad de la Informaci\u00f3n y del Comercio Electr\u00f3nico, les comunica que la acepci\u00f3n amplia de dicha Ley, engloba entre estos servicios el suministro de informaci\u00f3n por dicho medio. En todo caso, ser\u00e1 de aplicaci\u00f3n a este respecto, la Ley Org\u00e1nica 15\/1999, de 13 de Diciembre, de Protecci\u00f3n de Datos de Car\u00e1cter Personal, y su normativa de desarrollo, en especial, en lo que se refiere a la obtenci\u00f3n de datos personales, la informaci\u00f3n a los interesados y la creaci\u00f3n y mantenimiento de ficheros de datos personales.<\/p>\n","protected":false},"excerpt":{"rendered":"AVISO LEGAL Y POL\u00cdTICA DE PRIVACIDAD AVISO LEGAL OBJETO: La presente p\u00e1gina Web ha sido dise\u00f1ada para dar a conocer los servicios ofertados por DUB, C\/ \u00c1laba 61, 3o, 08005 Barcelona, Espa\u00f1a; as\u00ed como para la recepci\u00f3n de posibles clientes, contactos comerciales y demandas de empleo. PROPIEDAD INTELECTUAL E INDUSTRIAL: Los derechos de propiedad intelectual[&#8230;]","protected":false},"author":2,"featured_media":0,"parent":0,"menu_order":0,"comment_status":"closed","ping_status":"open","template":"","meta":{"om_disable_all_campaigns":false,"_mi_skip_tracking":false,"_monsterinsights_sitenote_active":false,"_monsterinsights_sitenote_note":"","_monsterinsights_sitenote_category":0,"_uf_show_specific_survey":0,"_uf_disable_surveys":false,"footnotes":""},"aioseo_notices":[],"jetpack_sharing_enabled":true,"_links":{"self":[{"href":"https:\/\/dubbcn.org\/es\/wp-json\/wp\/v2\/pages\/269"}],"collection":[{"href":"https:\/\/dubbcn.org\/es\/wp-json\/wp\/v2\/pages"}],"about":[{"href":"https:\/\/dubbcn.org\/es\/wp-json\/wp\/v2\/types\/page"}],"author":[{"embeddable":true,"href":"https:\/\/dubbcn.org\/es\/wp-json\/wp\/v2\/users\/2"}],"replies":[{"embeddable":true,"href":"https:\/\/dubbcn.org\/es\/wp-json\/wp\/v2\/comments?post=269"}],"version-history":[{"count":13,"href":"https:\/\/dubbcn.org\/es\/wp-json\/wp\/v2\/pages\/269\/revisions"}],"predecessor-version":[{"id":282,"href":"https:\/\/dubbcn.org\/es\/wp-json\/wp\/v2\/pages\/269\/revisions\/282"}],"wp:attachment":[{"href":"https:\/\/dubbcn.org\/es\/wp-json\/wp\/v2\/media?parent=269"}],"curies":[{"name":"wp","href":"https:\/\/api.w.org\/{rel}","templated":true}]}}